{"id":122,"date":"2023-11-26T20:08:35","date_gmt":"2023-11-26T20:08:35","guid":{"rendered":"https:\/\/shop.sknereus.se\/?post_type=product&#038;p=122"},"modified":"2025-04-13T13:13:10","modified_gmt":"2025-04-13T13:13:10","slug":"unisex-sweatshirt","status":"publish","type":"product","link":"https:\/\/shop.sknereus.se\/?product=unisex-sweatshirt","title":{"rendered":"Unisex sweatshirt"},"content":{"rendered":"<ul>\n<li>Material: 80% bomull, 20% polyester<\/li>\n<li>Vikt: 280 g \/ m\u00b2<\/li>\n<li>Unisex konstruktion.<\/li>\n<li>Muddar p\u00e5 \u00e4rmarnas slut och vid midjan f\u00f6r en b\u00e4ttre passform.<\/li>\n<li>Wordlwide Responsible Accredited Production (WRAP) certifierad produktion.<\/li>\n<\/ul>\n<p><a href=\"https:\/\/profilewear.se\/image\/catalog\/brands\/AWDis\/just_hoods_specifications\/awdis_just_hoods_JH030_storlekstabell.pdf\" target=\"_blank\" rel=\"noopener\">Storlekstabell<\/a><\/p>\n<p><a href=\"https:\/\/profilewear.se\/image\/\/catalog\/brands\/AWDis\/just_cool_specifications\/AWDIS_how_to_measure_guide.pdf\" target=\"_blank\" rel=\"noopener\">Storleksguide<\/a><\/p>\n","protected":false},"excerpt":{"rendered":"<p>Material: 80% bomull, 20% polyester Vikt: 280 g \/ m\u00b2 Unisex konstruktion. Muddar p\u00e5 \u00e4rmarnas slut och vid midjan f\u00f6r en b\u00e4ttre passform. Wordlwide Responsible Accredited Production (WRAP) certifierad produktion. Storlekstabell Storleksguide<\/p>\n","protected":false},"featured_media":34,"comment_status":"open","ping_status":"closed","template":"","meta":[],"product_cat":[34],"product_tag":[],"_links":{"self":[{"href":"https:\/\/shop.sknereus.se\/index.php?rest_route=\/wp\/v2\/product\/122"}],"collection":[{"href":"https:\/\/shop.sknereus.se\/index.php?rest_route=\/wp\/v2\/product"}],"about":[{"href":"https:\/\/shop.sknereus.se\/index.php?rest_route=\/wp\/v2\/types\/product"}],"replies":[{"embeddable":true,"href":"https:\/\/shop.sknereus.se\/index.php?rest_route=%2Fwp%2Fv2%2Fcomments&post=122"}],"wp:featuredmedia":[{"embeddable":true,"href":"https:\/\/shop.sknereus.se\/index.php?rest_route=\/wp\/v2\/media\/34"}],"wp:attachment":[{"href":"https:\/\/shop.sknereus.se\/index.php?rest_route=%2Fwp%2Fv2%2Fmedia&parent=122"}],"wp:term":[{"taxonomy":"product_cat","embeddable":true,"href":"https:\/\/shop.sknereus.se\/index.php?rest_route=%2Fwp%2Fv2%2Fproduct_cat&post=122"},{"taxonomy":"product_tag","embeddable":true,"href":"https:\/\/shop.sknereus.se\/index.php?rest_route=%2Fwp%2Fv2%2Fproduct_tag&post=122"}],"curies":[{"name":"wp","href":"https:\/\/api.w.org\/{rel}","templated":true}]}}